{"id":16,"date":"2015-05-21T22:42:23","date_gmt":"2015-05-21T20:42:23","guid":{"rendered":"http:\/\/www.risottodirk.de\/regina\/?page_id=16"},"modified":"2023-07-15T11:23:39","modified_gmt":"2023-07-15T09:23:39","slug":"16-2","status":"publish","type":"page","link":"https:\/\/biologische-medizin-nicolaidis.de\/","title":{"rendered":"Schwerpunkte"},"content":{"rendered":"<ul>\n<li><strong>Orthomolekulare Medizin<\/strong><br \/>\n(ordnungsgem\u00e4\u00dfe Versorgung des K\u00f6rpers mit lebensnotwendigen Mikron\u00e4hrstoffen = Vitaminen, Mineralien, Spurenelementen, Aminos\u00e4uren etc.)<\/li>\n<li><strong>Blutuntersuchungen<\/strong><br \/>\n(Mineralien, Vitamine, Spurenelemente, Allergien, Schwermetalle, allgemeine Gesundheitschecks)<\/li>\n<li><strong>Stuhluntersuchungen<\/strong> (Gesundheitscheck Darm, Leaky Gut etc.)<\/li>\n<li><strong>Infusionstherapie<\/strong><br \/>\n(Vitamin C-Hochdosis; B-Vitamine, Mineralien, Spurenelemente, Aminos\u00e4uren; Ausleitungsinfusionen, Baseninfusionen, individuelle Infusionskonzepte)<\/li>\n<li><strong>Darmsanierung<\/strong> (Wiederaufbau der physiologischen Darmschleimhaut)<\/li>\n<li><strong>Fatigue, Long Covid\/Post Covid-Syndrome<\/strong><\/li>\n<li><strong>Mitochondriale Therapie<\/strong><\/li>\n<li><strong>Ozontherapie<\/strong><\/li>\n<li><strong>vitOrgan-Therapien <\/strong>zum Wiederaufbau gesch\u00e4digter Gewebe und Organe<\/li>\n<li><strong>Allergiebehandlung <\/strong>(im Akutfall oder Desensibilisierung mittels Allergostoptherapie)<\/li>\n<li><b>Vitalstofftherapie bei Altersbedingter Makuladegeneration (AMD)<\/b><\/li>\n<li><strong>Bioenergetische Verfahren<\/strong> (Bioresonanz)<\/li>\n<li>Individuelle medizinische Beratung<\/li>\n<\/ul>\n<h4><strong>Angebote (Auswahl)\u00a0<\/strong><\/h4>\n<p><span style=\"display: inline !important; float: none; background-color: transparent; color: #141412; cursor: text; font-family: 'Source Sans Pro',Helvetica,sans-serif; font-size: 16px; font-style: normal; font-variant: normal; font-weight: 400; letter-spacing: normal; orphans: 2; text-align: left; text-decoration: none; text-indent: 0px; text-transform: none; -webkit-text-stroke-width: 0px; white-space: normal; word-spacing: 0px;\">\n<table id=\"tablepress-2\" class=\"tablepress tablepress-id-2\">\n<tbody class=\"row-striping\">\n<tr class=\"row-1\">\n\t<td class=\"column-1\">Gro\u00dfes Blutbild mit Mikron\u00e4hrstoffanalyse aus dem Vollblut (Vitamin B6, Vitamin B12, Vitamin D3, Calcium, Eisen, Fols\u00e4ure, Ferritin, Magnesium, Kalium, Kupfer, Selen, Zink, Mangan, Molybd\u00e4n, Coenzym Q10; antioxidative Kapazit\u00e4t, Lipidperoxidation); Interpretation, ausf\u00fchrliche Beratung und orthomolekulare Empfehlung<\/td><td class=\"column-2\">330 \u20ac<\/td>\n<\/tr>\n<tr class=\"row-2\">\n\t<td class=\"column-1\">Vitamin C-Infusion (7,5 g\/100 ml) \u00a0 \u00a0<\/td><td class=\"column-2\">85 \u20ac *<\/td>\n<\/tr>\n<tr class=\"row-3\">\n\t<td class=\"column-1\">Vitamin C-Infusion (15 g\/250 ml) \u00a0 \u00a0<\/td><td class=\"column-2\">100 \u20ac *<\/td>\n<\/tr>\n<tr class=\"row-4\">\n\t<td class=\"column-1\">Vitamin C-Infusion (25 g\/300 ml) \u00a0<\/td><td class=\"column-2\">120 \u20ac *<\/td>\n<\/tr>\n<tr class=\"row-5\">\n\t<td class=\"column-1\">Ents\u00e4uerungsinfusion (Baseninfusion\/100 ml) <\/td><td class=\"column-2\">80 \u20ac<\/td>\n<\/tr>\n<tr class=\"row-6\">\n\t<td class=\"column-1\">Ausleitungsinfusion (600 mg alpha-Lipons\u00e4ure\/150 ml)<\/td><td class=\"column-2\">80 \u20ac<\/td>\n<\/tr>\n<tr class=\"row-7\">\n\t<td class=\"column-1\">Aderlass (150 - 500 ml)<\/td><td class=\"column-2\">50 - 70 \u20ac<\/td>\n<\/tr>\n<tr class=\"row-8\">\n\t<td class=\"column-1\">Schwermetalltest (klein: As, Cd, Cr, Cu, Co, Hg, Ni, Pd, Pb, Sb, Sn, Zn)<\/td><td class=\"column-2\">70 \u20ac<\/td>\n<\/tr>\n<tr class=\"row-9\">\n\t<td class=\"column-1\">Schwermetalltest (gro\u00df; Ag, Al, As, Cd, Cr, Cu, Co, Hg, Mo, Ni, Pd, Pb, Pt, Sb, Sn, Tl, Zn)<\/td><td class=\"column-2\">100 \u20ac<\/td>\n<\/tr>\n<tr class=\"row-10\">\n\t<td class=\"column-1\">Gesundheitscheck Darm (Stuhltest: Darmflorabesiedelung, Verdauungsr\u00fcckst\u00e4nde, Entz\u00fcndungen, Leaky Gut); Interpretation und ausf\u00fchrliche Beratung<\/td><td class=\"column-2\">225 \u20ac<\/td>\n<\/tr>\n<tr class=\"row-11\">\n\t<td class=\"column-1\">Bioenergetische Behandlung (pro Stunde)<\/td><td class=\"column-2\">80 \u20ac<\/td>\n<\/tr>\n<tr class=\"row-12\">\n\t<td class=\"column-1\">Ozontherapie (pro Stunde)<\/td><td class=\"column-2\">90 \u20ac<\/td>\n<\/tr>\n<tr class=\"row-13\">\n\t<td class=\"column-1\">Beratung pro Stunde<\/td><td class=\"column-2\">80 \u20ac<\/td>\n<\/tr>\n<\/tbody>\n<\/table>\n<!-- #tablepress-2 from cache --><\/span><\/p>\n<p>*Bei Bedarf zus\u00e4tzlich erweiterbar um weitere Mikron\u00e4hrstoffe und\/oder Aminos\u00e4uren.<\/p>\n<p>Diese Angebote stellen eine Auswahl aus meinem Repertoire dar. Selbstverst\u00e4ndlich k\u00f6nnen umfassendere Laboruntersuchungen vorgenommen werden und individualisierte Infusionskonzepte auf der Basis der o.g. Analysen erstellt werden. Die angegeben Preise richten sich an Selbstzahler.<\/p>\n","protected":false},"excerpt":{"rendered":"<p>Orthomolekulare Medizin (ordnungsgem\u00e4\u00dfe Versorgung des K\u00f6rpers mit lebensnotwendigen Mikron\u00e4hrstoffen = Vitaminen, Mineralien, Spurenelementen, Aminos\u00e4uren etc.) Blutuntersuchungen (Mineralien, Vitamine, Spurenelemente, Allergien, Schwermetalle, allgemeine Gesundheitschecks) Stuhluntersuchungen (Gesundheitscheck Darm, Leaky Gut etc.) Infusionstherapie (Vitamin C-Hochdosis; B-Vitamine, Mineralien, Spurenelemente, Aminos\u00e4uren; Ausleitungsinfusionen, Baseninfusionen, individuelle Infusionskonzepte) Darmsanierung (Wiederaufbau der physiologischen Darmschleimhaut) Fatigue, Long Covid\/Post Covid-Syndrome Mitochondriale Therapie Ozontherapie vitOrgan-Therapien zum Wiederaufbau &hellip; <a href=\"https:\/\/biologische-medizin-nicolaidis.de\/\" class=\"more-link\"><span class=\"screen-reader-text\">Schwerpunkte<\/span> weiterlesen <span class=\"meta-nav\">&rarr;<\/span><\/a><\/p>\n","protected":false},"author":1,"featured_media":0,"parent":0,"menu_order":0,"comment_status":"closed","ping_status":"closed","template":"","meta":{"footnotes":""},"class_list":["post-16","page","type-page","status-publish","hentry"],"_links":{"self":[{"href":"https:\/\/biologische-medizin-nicolaidis.de\/index.php?rest_route=\/wp\/v2\/pages\/16","targetHints":{"allow":["GET"]}}],"collection":[{"href":"https:\/\/biologische-medizin-nicolaidis.de\/index.php?rest_route=\/wp\/v2\/pages"}],"about":[{"href":"https:\/\/biologische-medizin-nicolaidis.de\/index.php?rest_route=\/wp\/v2\/types\/page"}],"author":[{"embeddable":true,"href":"https:\/\/biologische-medizin-nicolaidis.de\/index.php?rest_route=\/wp\/v2\/users\/1"}],"replies":[{"embeddable":true,"href":"https:\/\/biologische-medizin-nicolaidis.de\/index.php?rest_route=%2Fwp%2Fv2%2Fcomments&post=16"}],"version-history":[{"count":62,"href":"https:\/\/biologische-medizin-nicolaidis.de\/index.php?rest_route=\/wp\/v2\/pages\/16\/revisions"}],"predecessor-version":[{"id":860,"href":"https:\/\/biologische-medizin-nicolaidis.de\/index.php?rest_route=\/wp\/v2\/pages\/16\/revisions\/860"}],"wp:attachment":[{"href":"https:\/\/biologische-medizin-nicolaidis.de\/index.php?rest_route=%2Fwp%2Fv2%2Fmedia&parent=16"}],"curies":[{"name":"wp","href":"https:\/\/api.w.org\/{rel}","templated":true}]}}