{"id":20,"date":"2015-05-21T22:44:44","date_gmt":"2015-05-21T20:44:44","guid":{"rendered":"http:\/\/www.risottodirk.de\/regina\/?page_id=20"},"modified":"2026-04-22T07:22:32","modified_gmt":"2026-04-22T05:22:32","slug":"kontakt","status":"publish","type":"page","link":"https:\/\/biologische-medizin-nicolaidis.de\/?page_id=20","title":{"rendered":"Kontakt \/ Impressum"},"content":{"rendered":"<h3><a href=\"http:\/\/biologische-medizin-nicolaidis.de\/wp-content\/uploads\/2024\/10\/Portrait-Regina-2024.jpg\"><img loading=\"lazy\" decoding=\"async\" class=\"alignnone size-medium wp-image-901\" src=\"http:\/\/biologische-medizin-nicolaidis.de\/wp-content\/uploads\/2024\/10\/Portrait-Regina-2024-216x300.jpg\" alt=\"\" width=\"216\" height=\"300\" srcset=\"https:\/\/biologische-medizin-nicolaidis.de\/wp-content\/uploads\/2024\/10\/Portrait-Regina-2024-216x300.jpg 216w, https:\/\/biologische-medizin-nicolaidis.de\/wp-content\/uploads\/2024\/10\/Portrait-Regina-2024-736x1024.jpg 736w, https:\/\/biologische-medizin-nicolaidis.de\/wp-content\/uploads\/2024\/10\/Portrait-Regina-2024-768x1069.jpg 768w, https:\/\/biologische-medizin-nicolaidis.de\/wp-content\/uploads\/2024\/10\/Portrait-Regina-2024-1103x1536.jpg 1103w, https:\/\/biologische-medizin-nicolaidis.de\/wp-content\/uploads\/2024\/10\/Portrait-Regina-2024.jpg 1439w\" sizes=\"auto, (max-width: 216px) 100vw, 216px\" \/><\/a><\/h3>\n<h3>Regina Nicolaidis, M.A.<\/h3>\n<p>\u2013\u00a0Heilpraktikerin \u2013<\/p>\n<p>Seit meiner Jugend interessiere ich mich daf\u00fcr, wie der menschliche K\u00f6rper funktioniert, und worin die Ursachen liegen, wenn physisch oder psychisch etwas aus dem Lot geraten ist. Als Heilpraktikerin setze ich mein Wissen und K\u00f6nnen daf\u00fcr ein, Beschwerden m\u00f6glichst effektiv zu lindern.<\/p>\n<p>Jeder Mensch ist ein Individuum, jeder Fall ist anders, und jeder Organismus reagiert anders. Nicht alle der genannten Vorschl\u00e4ge werden Sie ansprechen oder kommen in Ihrem Fall in Betracht.<\/p>\n<p><strong>Was Sie von mir erwarten k\u00f6nnen<\/strong><\/p>\n<p>Fundiertes Wissen, Fachkompetenz, Ehrlichkeit und viel Empathie.<\/p>\n<p>Ich berate Sie individuell und begleite Sie dabei, Ihre pers\u00f6nliche Situation mit einem der hier vorgestellten Ans\u00e4tze zu verbessern.<\/p>\n<p>Sofern Ihnen aktuelle (Labor)Befunde vorliegen, bringen Sie diese gerne mit. Ein aktuelles Blutbild kann auch in meiner Praxis erhoben werden.<\/p>\n<p><strong>Sprechstunden nach Vereinbarung &#8211; <span style=\"color: #339966;\">leider k\u00f6nnen derzeit jedoch keine neuen Patienten angenommen werden<\/span><\/strong><\/p>\n<p><strong>Regina<\/strong> <strong>Nicolaidis, M.A.<\/strong><br \/>\n<strong>K\u00f6nigstra\u00dfe 23, 71139 Ehningen<span style=\"float: none; background-color: transparent; color: #141412; cursor: text; font-family: 'Source Sans Pro', Helvetica, sans-serif; font-size: 16px; font-style: normal; font-variant: normal; letter-spacing: normal; orphans: 2; text-align: left; text-decoration: none; text-indent: 0px; text-transform: none; -webkit-text-stroke-width: 0px; white-space: normal; word-spacing: 0px; display: inline !important;\"><br \/>\n<\/span>Mobil 0160 \/ 34 93 157 (Mo-Do 9.00 -17.00 Uhr; Fr 9.00-14.00 Uhr)<\/strong><\/p>\n<p><span style=\"color: #4e9932;\"><a style=\"color: #4e9932;\" title=\"zum E-Mail schreiben anklicken\" href=\"mailto:kontakt@biologische-medizin-nicolaidis.de\">E-Mail an Regina Nicolaidis, M.A.<\/a><\/span><\/p>\n<p><strong>Kurzvita<\/strong><\/p>\n<ul>\n<li>Studium der Anglistik und neueren Geschichte<br \/>\nAbschluss Magister Artium (M.A.) 1992<\/li>\n<li>1992 &#8211; 2023 T\u00e4tigkeit am Universit\u00e4tsklinikum T\u00fcbingen<\/li>\n<li>Seit 2014 Heilpraktikerin<\/li>\n<li>Mitglied der Fachgesellschaft f\u00fcr funktionelle optimierende Medizin (fr\u00fcher Forum Orthomolekulare Medizin &#8211; F.O.M. e.V.)<\/li>\n<\/ul>\n<p><strong>Impressum<\/strong><\/p>\n<p>Verantwortlich<span class=\"whitetext\"> im Sinne vom \u00a7 10 Abs. 3 MDStV ist Regina Nicolaidis, M.A.<\/span><\/p>\n<ul>\n<li class=\"whitetext\">Berufsbezeichnung: Heilpraktikerin<\/li>\n<li>Zust\u00e4ndige Aufsichtsbeh\u00f6rde: Landratsamt B\u00f6blingen, Gesundheitsamt<\/li>\n<li>Erlaubnis zur Aus\u00fcbung der Heilkunde vom 27.05.2014 erteilt durch Landratsamt Heilbronn, Gesundheitsamt<\/li>\n<\/ul>\n<p>Der Nutzung von im Rahmen der Impressumspflicht ver\u00f6ffentlichten Daten durch Dritte zur \u00dcbersendung von nicht ausdr\u00fccklich angeforderter Werbung oder Informationsmaterialien wird ausdr\u00fccklich widersprochen. Rechtliche Schritte im Falle der unverlangten Zusendung von Werbeinformationen werden ausdr\u00fccklich vorbehalten.<\/p>\n<div class=\"plain\">\n<div><\/div>\n<\/div>\n","protected":false},"excerpt":{"rendered":"<p>Regina Nicolaidis, M.A. \u2013\u00a0Heilpraktikerin \u2013 Seit meiner Jugend interessiere ich mich daf\u00fcr, wie der menschliche K\u00f6rper funktioniert, und worin die Ursachen liegen, wenn physisch oder psychisch etwas aus dem Lot geraten ist. Als Heilpraktikerin setze ich mein Wissen und K\u00f6nnen daf\u00fcr ein, Beschwerden m\u00f6glichst effektiv zu lindern. Jeder Mensch ist ein Individuum, jeder Fall ist &hellip; <a href=\"https:\/\/biologische-medizin-nicolaidis.de\/?page_id=20\" class=\"more-link\"><span class=\"screen-reader-text\">Kontakt \/ Impressum<\/span> weiterlesen <span class=\"meta-nav\">&rarr;<\/span><\/a><\/p>\n","protected":false},"author":1,"featured_media":0,"parent":0,"menu_order":0,"comment_status":"closed","ping_status":"closed","template":"","meta":{"footnotes":""},"class_list":["post-20","page","type-page","status-publish","hentry"],"_links":{"self":[{"href":"https:\/\/biologische-medizin-nicolaidis.de\/index.php?rest_route=\/wp\/v2\/pages\/20","targetHints":{"allow":["GET"]}}],"collection":[{"href":"https:\/\/biologische-medizin-nicolaidis.de\/index.php?rest_route=\/wp\/v2\/pages"}],"about":[{"href":"https:\/\/biologische-medizin-nicolaidis.de\/index.php?rest_route=\/wp\/v2\/types\/page"}],"author":[{"embeddable":true,"href":"https:\/\/biologische-medizin-nicolaidis.de\/index.php?rest_route=\/wp\/v2\/users\/1"}],"replies":[{"embeddable":true,"href":"https:\/\/biologische-medizin-nicolaidis.de\/index.php?rest_route=%2Fwp%2Fv2%2Fcomments&post=20"}],"version-history":[{"count":69,"href":"https:\/\/biologische-medizin-nicolaidis.de\/index.php?rest_route=\/wp\/v2\/pages\/20\/revisions"}],"predecessor-version":[{"id":961,"href":"https:\/\/biologische-medizin-nicolaidis.de\/index.php?rest_route=\/wp\/v2\/pages\/20\/revisions\/961"}],"wp:attachment":[{"href":"https:\/\/biologische-medizin-nicolaidis.de\/index.php?rest_route=%2Fwp%2Fv2%2Fmedia&parent=20"}],"curies":[{"name":"wp","href":"https:\/\/api.w.org\/{rel}","templated":true}]}}