{"id":212,"date":"2016-09-28T12:40:37","date_gmt":"2016-09-28T10:40:37","guid":{"rendered":"http:\/\/biologische-medizin-nicolaidis.de\/?page_id=212"},"modified":"2026-01-09T08:16:16","modified_gmt":"2026-01-09T07:16:16","slug":"ozontherapie","status":"publish","type":"page","link":"https:\/\/biologische-medizin-nicolaidis.de\/?page_id=212","title":{"rendered":"Ozontherapie"},"content":{"rendered":"<p>Ozon ist ein Sauerstoff\u00a0 mit drei Atomen (O3), dessen drittes Atom sehr reaktionsfreudig ist und sich leicht mit anderen Stoffen verbindet. Hochdosiertes Ozon ist antientz\u00fcndlich, antibakteriell und \u2013viral sowie fungizid (bek\u00e4mpft also Pilze) und findet aufgrund seiner durchblutungsf\u00f6rdernden Eigenschaften in unterschiedlichen Verfahren Einsatz.<\/p>\n<p>Das Ozon-Sauerstoffgemisch wird entweder \u00fcber eine Infusionsl\u00f6sung in die Vene verabreicht, um den K\u00f6rper ausreichend mit Sauerstoff zu versorgen und Entz\u00fcndungen zu bek\u00e4mpfen, oder subcutan (also \u00fcber eine Spritze in das Unterhautgewebe), wo das Ozon eine bessere Durchblutung und den Abtransport von sch\u00e4dlichen Stoffen bewirken kann.<\/p>\n<p>Indikationen \/ Krankheitsbilder sind u.a.<\/p>\n<ul>\n<li>Entz\u00fcndliche Krankheiten, v.a. des Bewegungsapparates (Arthritis)<\/li>\n<li>Dauerkrankheitssymptome wie Post-Covid, Long-Covid, Fatigue<\/li>\n<li>Wirbels\u00e4ulen- und Gelenkprobleme<\/li>\n<li>Entz\u00fcndliche Magen-\/Darmerkrankungen (M. Crohn, Colitis ulcerosa)<\/li>\n<li>Blasen- und Harnwegserkrankungen<\/li>\n<li>Immunschw\u00e4che<\/li>\n<li>Bakterielle und virale Infektionen<\/li>\n<li><span style=\"display: inline !important; float: none; background-color: transparent; color: #141412; font-family: 'Source Sans Pro',Helvetica,sans-serif; font-size: 16px; font-style: normal; font-variant: normal; font-weight: 400; letter-spacing: normal; orphans: 2; text-align: left; text-decoration: none; text-indent: 0px; text-transform: none; -webkit-text-stroke-width: 0px; white-space: normal; word-spacing: 0px;\"><span style=\"display: inline !important; float: none; background-color: transparent; color: #141412; font-family: 'Source Sans Pro',Helvetica,sans-serif; font-size: 16px; font-style: normal; font-variant: normal; font-weight: 400; letter-spacing: normal; orphans: 2; text-align: left; text-decoration: none; text-indent: 0px; text-transform: none; -webkit-text-stroke-width: 0px; white-space: normal; word-spacing: 0px;\">D<\/span><\/span>urchblutungsst\u00f6rungen<\/li>\n<li>Hauterkrankungen (Ausschl\u00e4ge)<\/li>\n<\/ul>\n","protected":false},"excerpt":{"rendered":"<p>Ozon ist ein Sauerstoff\u00a0 mit drei Atomen (O3), dessen drittes Atom sehr reaktionsfreudig ist und sich leicht mit anderen Stoffen verbindet. Hochdosiertes Ozon ist antientz\u00fcndlich, antibakteriell und \u2013viral sowie fungizid (bek\u00e4mpft also Pilze) und findet aufgrund seiner durchblutungsf\u00f6rdernden Eigenschaften in unterschiedlichen Verfahren Einsatz. Das Ozon-Sauerstoffgemisch wird entweder \u00fcber eine Infusionsl\u00f6sung in die Vene verabreicht, um &hellip; <a href=\"https:\/\/biologische-medizin-nicolaidis.de\/?page_id=212\" class=\"more-link\"><span class=\"screen-reader-text\">Ozontherapie<\/span> weiterlesen <span class=\"meta-nav\">&rarr;<\/span><\/a><\/p>\n","protected":false},"author":1,"featured_media":0,"parent":0,"menu_order":0,"comment_status":"closed","ping_status":"closed","template":"","meta":{"footnotes":""},"class_list":["post-212","page","type-page","status-publish","hentry"],"_links":{"self":[{"href":"https:\/\/biologische-medizin-nicolaidis.de\/index.php?rest_route=\/wp\/v2\/pages\/212","targetHints":{"allow":["GET"]}}],"collection":[{"href":"https:\/\/biologische-medizin-nicolaidis.de\/index.php?rest_route=\/wp\/v2\/pages"}],"about":[{"href":"https:\/\/biologische-medizin-nicolaidis.de\/index.php?rest_route=\/wp\/v2\/types\/page"}],"author":[{"embeddable":true,"href":"https:\/\/biologische-medizin-nicolaidis.de\/index.php?rest_route=\/wp\/v2\/users\/1"}],"replies":[{"embeddable":true,"href":"https:\/\/biologische-medizin-nicolaidis.de\/index.php?rest_route=%2Fwp%2Fv2%2Fcomments&post=212"}],"version-history":[{"count":29,"href":"https:\/\/biologische-medizin-nicolaidis.de\/index.php?rest_route=\/wp\/v2\/pages\/212\/revisions"}],"predecessor-version":[{"id":948,"href":"https:\/\/biologische-medizin-nicolaidis.de\/index.php?rest_route=\/wp\/v2\/pages\/212\/revisions\/948"}],"wp:attachment":[{"href":"https:\/\/biologische-medizin-nicolaidis.de\/index.php?rest_route=%2Fwp%2Fv2%2Fmedia&parent=212"}],"curies":[{"name":"wp","href":"https:\/\/api.w.org\/{rel}","templated":true}]}}