{"id":26,"date":"2015-05-21T22:50:59","date_gmt":"2015-05-21T20:50:59","guid":{"rendered":"http:\/\/www.risottodirk.de\/regina\/?page_id=26"},"modified":"2022-12-31T15:02:19","modified_gmt":"2022-12-31T14:02:19","slug":"orthomolekulare-medizin","status":"publish","type":"page","link":"https:\/\/biologische-medizin-nicolaidis.de\/?page_id=26","title":{"rendered":"Orthomolekulare Medizin"},"content":{"rendered":"<p>Wir alle wissen um die Vorz\u00fcge einer vitaminreichen Ern\u00e4hrung, jedoch kommt diese im Alltag oftmals zu kurz. Extreme Belastungssituation, wie dauerhafter Stress oder ernsthafte Erkrankungen, rauben dem K\u00f6rper massiv Vitamine, Mineralien, Spurenelemente und Aminos\u00e4uren.<\/p>\n<p>So sind viele F\u00e4lle von Burn out oder auch das Ersch\u00f6pfungssyndrom (Fatigue-Syndrom) u.a. auf einen Mangel an Mikron\u00e4hrstoffen zur\u00fcckzuf\u00fchren, der individuell ausgeglichen werden sollte. Hierdurch l\u00e4\u00dft sich rasch Linderung verschaffen und die Lebensqualit\u00e4t, Leistungsf\u00e4higkeit und damit auch das Lebensgef\u00fchl deutlich verbessern.<\/p>\n<p>Die orthomolekulare Medizin (Lehre von der ordnungsgem\u00e4\u00dfen Versorgung des K\u00f6rpers mit Mikron\u00e4hrstoffen) bietet\u00a0 vielf\u00e4ltige Unterst\u00fctzungsm\u00f6glichkeiten, je nach Schweregrad einer Erkrankung bzw. pers\u00f6nlicher Neigung \u00fcber Infusionen, Injektionen, aber auch in Form von sinnvollen Nahrungserg\u00e4nzungsmitteln.<\/p>\n<p>Eine besondere Rolle kommt dabei dem Vitamin C &#8211; als Infusion mit mehreren Gramm (!) Vitamin C statt den \u00fcblichen Mikrogramm &#8211; zu, da Vitamin C ein extrem breites Wirkungsspektrum hat. Es ist nicht nur wichtig f\u00fcr das Immunsystem, sondern auch bei allen stressbedingten Prozessen, Entz\u00fcndungen, zur Kollagen- und Gewebsbildung, um nur einige zu nennen. Als Infusion erreicht das Vitamin C jegliches K\u00f6rpergewebe und ist zu 100 % bioverf\u00fcgbar.<\/p>\n<p>Detaillierte Infos zu Vitamin C-Hochdosisinfusionen finden Sie unter &#8222;Aktuell&#8220;.<\/p>\n<p>Ihr aktueller Mikron\u00e4hrstoffstatus l\u00e4\u00dft sich durch eine Blutentnahme\/Laboruntersuchung bestimmen. Gerne kann dies in meiner Praxis vorgenommen werden.<\/p>\n","protected":false},"excerpt":{"rendered":"<p>Wir alle wissen um die Vorz\u00fcge einer vitaminreichen Ern\u00e4hrung, jedoch kommt diese im Alltag oftmals zu kurz. Extreme Belastungssituation, wie dauerhafter Stress oder ernsthafte Erkrankungen, rauben dem K\u00f6rper massiv Vitamine, Mineralien, Spurenelemente und Aminos\u00e4uren. So sind viele F\u00e4lle von Burn out oder auch das Ersch\u00f6pfungssyndrom (Fatigue-Syndrom) u.a. auf einen Mangel an Mikron\u00e4hrstoffen zur\u00fcckzuf\u00fchren, der individuell &hellip; <a href=\"https:\/\/biologische-medizin-nicolaidis.de\/?page_id=26\" class=\"more-link\"><span class=\"screen-reader-text\">Orthomolekulare Medizin<\/span> weiterlesen <span class=\"meta-nav\">&rarr;<\/span><\/a><\/p>\n","protected":false},"author":1,"featured_media":0,"parent":0,"menu_order":0,"comment_status":"closed","ping_status":"closed","template":"","meta":{"footnotes":""},"class_list":["post-26","page","type-page","status-publish","hentry"],"_links":{"self":[{"href":"https:\/\/biologische-medizin-nicolaidis.de\/index.php?rest_route=\/wp\/v2\/pages\/26","targetHints":{"allow":["GET"]}}],"collection":[{"href":"https:\/\/biologische-medizin-nicolaidis.de\/index.php?rest_route=\/wp\/v2\/pages"}],"about":[{"href":"https:\/\/biologische-medizin-nicolaidis.de\/index.php?rest_route=\/wp\/v2\/types\/page"}],"author":[{"embeddable":true,"href":"https:\/\/biologische-medizin-nicolaidis.de\/index.php?rest_route=\/wp\/v2\/users\/1"}],"replies":[{"embeddable":true,"href":"https:\/\/biologische-medizin-nicolaidis.de\/index.php?rest_route=%2Fwp%2Fv2%2Fcomments&post=26"}],"version-history":[{"count":12,"href":"https:\/\/biologische-medizin-nicolaidis.de\/index.php?rest_route=\/wp\/v2\/pages\/26\/revisions"}],"predecessor-version":[{"id":817,"href":"https:\/\/biologische-medizin-nicolaidis.de\/index.php?rest_route=\/wp\/v2\/pages\/26\/revisions\/817"}],"wp:attachment":[{"href":"https:\/\/biologische-medizin-nicolaidis.de\/index.php?rest_route=%2Fwp%2Fv2%2Fmedia&parent=26"}],"curies":[{"name":"wp","href":"https:\/\/api.w.org\/{rel}","templated":true}]}}