{"id":48,"date":"2015-05-22T10:38:42","date_gmt":"2015-05-22T08:38:42","guid":{"rendered":"http:\/\/www.risottodirk.de\/regina\/?page_id=48"},"modified":"2024-08-10T18:04:32","modified_gmt":"2024-08-10T16:04:32","slug":"entsaeuern-entgiften-2","status":"publish","type":"page","link":"https:\/\/biologische-medizin-nicolaidis.de\/?page_id=48","title":{"rendered":"Begleitende Verfahren bei Krebs"},"content":{"rendered":"<p><strong>Krebs und Immunsystem<\/strong><br \/>\nEine Krebserkrankung geht oftmals mit einer Schw\u00e4chung unseres Immunsystems einher. Unser k\u00f6rpereigenes Immunsystem hat durchaus die F\u00e4higkeit, mit Fre\u00dfzellen (Makrophagen), nat\u00fcrlichen Killerzellen (NK-Zellen) oder T-Lymphozyten (zytotoxische Zellen) oder Zytokinen (z.B. Interferon) selbst gegen entartete Zellen vorzugehen \u2013 allerdings nur, wenn unser Immunsystem gut ger\u00fcstet ist.<\/p>\n<p><strong>Ents\u00e4uern &#8211; Entschlacken <\/strong><br \/>\nWir alle sagen es oft, ohne uns Gedanken dar\u00fcber zu machen: Ich bin sauer! Das ist nicht nur eine Redensart, sondern durch Stress, zu viel S\u00fc\u00dfes, zu viel Fleisch, Alkohol, zu wenig Bewegung, zu schnelles Abnehmen kann es tats\u00e4chlich dazu kommen, da\u00df der nat\u00fcrliche pH-Wert unseres Gewebes absinkt. Als Folge davon k\u00f6nnen Sauerstoff und lebensnotwendige N\u00e4hrstoffe nicht mehr ausreichend \u00fcber die feinen Blutgef\u00e4\u00dfe (Kapillaren) in unsere Zellen gelangen. Gleichzeitig werden die Stoffwechselabbauprodukte unserer Zellen nicht mehr richtig abtransportiert. Das Gewebe \u201everschlackt\u201c und \u00fcbers\u00e4uert.<\/p>\n<p>Tumorzellen f\u00fchlen sich vor allem in einem sauren Milieu wohl. Eine Ents\u00e4uerung des Gewebes, z.B. durch Basenprodukte oder -infusionen, tr\u00e4gt zu einem besseren Stoffwechsel bei, so da\u00df N\u00e4hrstoffe, Sauerstoff aber auch Chemotherapeutika und Bestrahlungen besser in der Zelle wirken k\u00f6nnen.<\/p>\n<p><strong>Mikron\u00e4hrstoffe (Vitamine, Mineralien, Spurenelemente) <\/strong><br \/>\nChemo- und Strahlentherapien sch\u00e4digen nicht nur Krebszellen, sondern entziehen dem K\u00f6rper teilweise wichtige N\u00e4hrstoffe, die er f\u00fcr seine normale Funktion\u00a0 ben\u00f6tigt.<\/p>\n<p>Fast alle K\u00f6rperzellen haben Rezeptoren f\u00fcr Vitamin D und Jod. Es gibt Hinweise, da\u00df ein Vitamin D-Mangel Krebs- und Autoimmunerkrankungen beg\u00fcnstigen kann. Daher sollten Krebspatienten auf eine ausreichend hohe Vitamin D-Zufuhr achten. Dar\u00fcberhinaus ben\u00f6tigen alle Dr\u00fcsen, insbesondere die Brustdr\u00fcse, ausreichend Jod zu ihrer Gesunderhaltung.<\/p>\n<p>Vitamin C ist eines der wichtigsten k\u00f6rperlichen Antioxidantien und kann \u2013 als Hochdosisinfusion \u2013 durch die Bildung von Wasserstoffperoxyd gegen Krebszellen wirksam sein. Grunds\u00e4tzlich sollte der K\u00f6rper ausreichend mit Vitaminen und Antioxidantien versorgt sein. Dies kann mittels eines Blutbilds bestimmt werden.<\/p>\n<p>Zink und Selen sind wichtige Spurenelemente f\u00fcr die Funktion des Immunsystems wie auch zur Ausleitung von Schadstoffen. Selen, als Natriumselenit, kann die Nebenwirkungen der Chemo- und\/oder Strahlentherapie mildern.\u00a0 \u00dcber den Einsatz von Zink sollte erst nach Pr\u00fcfung des Zinkspiegels im Blut befunden werden.<\/p>\n<p><strong>Heilpilze \/ Mykotherapie <\/strong><br \/>\nPilze sind nicht nur ausgesprochen schmackhaft; sie enthalten auch Mineralstoffe, Vitamine, Spurenelemente und die Vorstufe von Vitamin D. Sie wirken ausgleichend auf das Immunsystem, enthalten entz\u00fcndungshemmende Stoffe (Polyphenole, Glucane, Triterpene) und k\u00f6nnen Schadstoffe ausleiten. Eine ideale Unterst\u00fctzung bei einer Krebserkrankung.<\/p>\n<p>In der begleitenden Krebstherapie kommen v.a. der Agaricus blazei murill (ABM oder Mandelpilz), der Cordyceps (chines. Raupenpilz), Reishi, Maitake und Shitake bzw. AHCC, ein Extrakt aus dem Mycel des Shitake, zum Einsatz. Aber auch einheimische Pilze wie z.B. der Champignon (u.a. ein Aromatasehemmer), der Tintling (Coprinus), der Austernseitling (Pleurotus) und andere k\u00f6nnen in Betracht gezogen werden.<\/p>\n<p>Heilpilze gibt es als Nahrungserg\u00e4nzungsprodukte, die dauerhaft eingenommen werden k\u00f6nnen.<\/p>\n<p><strong>Pflanzenheilkunde \/ Phytotherapie<\/strong><br \/>\nDie Misteltherapie ist eine gut eingef\u00fchrte Begleittherapie zur Mobilisierung des Immunsystems bei Krebs und kann mit ihren Lektinen zu einer Stabilisierung der Erkrankung beitragen. Aber auch andere Pflanzen, wie die Christrose (Helleborus niger), Beifu\u00df (Artemisia annua), Curcuma (Gelbwurz), Vitamin B17 (Amygdalin), Johanniskraut (Hypericum) oder Weihrauch (Boswellia) haben krebsbek\u00e4mpfende Eigenschaften. Ingwer kann dar\u00fcberhinaus die \u00dcbelkeit bei Chemotherapie lindern.<\/p>\n<p><strong>Enzyme<\/strong><br \/>\nEnzyme steuern unseren Stoffwechsel und st\u00e4rken die Immunabwehr. K\u00f6rpereigene Enzyme (z.B. Trypsin, Chymotrypsin) oder pflanzliche Enzyme, wie das Bromelain der Ananas oder das Papain der Papaya, k\u00f6nnen Eiwei\u00dfe aufl\u00f6sen. Enzyme sind in der Lage,\u00a0 Tumoren und Metastasen f\u00fcr die Killer- und Fresszellen des Immunsystems, aber auch f\u00fcr die Chemo- und Strahlentherapie besser sichtbar zu machen. Au\u00dferdem hemmen Enzyme Entz\u00fcndungen, lassen Gewebeschwellungen abklingen und verbessern die Wundheilung.<\/p>\n<p><strong>Bluttest auf Wirksamkeit von naturheilkundlichen Mitteln<\/strong><br \/>\nEin Bluttest kann Aufschlu\u00df dar\u00fcber geben, welches Naturheilmittel oder welche pflanzlichen Wirkstoffe das Immunsystem besonders\u00a0st\u00e4rken, so dass es die Krebszellen besser bek\u00e4mpfen kann.<\/p>\n","protected":false},"excerpt":{"rendered":"<p>Krebs und Immunsystem Eine Krebserkrankung geht oftmals mit einer Schw\u00e4chung unseres Immunsystems einher. Unser k\u00f6rpereigenes Immunsystem hat durchaus die F\u00e4higkeit, mit Fre\u00dfzellen (Makrophagen), nat\u00fcrlichen Killerzellen (NK-Zellen) oder T-Lymphozyten (zytotoxische Zellen) oder Zytokinen (z.B. Interferon) selbst gegen entartete Zellen vorzugehen \u2013 allerdings nur, wenn unser Immunsystem gut ger\u00fcstet ist. Ents\u00e4uern &#8211; Entschlacken Wir alle sagen es &hellip; <a href=\"https:\/\/biologische-medizin-nicolaidis.de\/?page_id=48\" class=\"more-link\"><span class=\"screen-reader-text\">Begleitende Verfahren bei Krebs<\/span> weiterlesen <span class=\"meta-nav\">&rarr;<\/span><\/a><\/p>\n","protected":false},"author":1,"featured_media":0,"parent":0,"menu_order":0,"comment_status":"closed","ping_status":"closed","template":"","meta":{"footnotes":""},"class_list":["post-48","page","type-page","status-publish","hentry"],"_links":{"self":[{"href":"https:\/\/biologische-medizin-nicolaidis.de\/index.php?rest_route=\/wp\/v2\/pages\/48","targetHints":{"allow":["GET"]}}],"collection":[{"href":"https:\/\/biologische-medizin-nicolaidis.de\/index.php?rest_route=\/wp\/v2\/pages"}],"about":[{"href":"https:\/\/biologische-medizin-nicolaidis.de\/index.php?rest_route=\/wp\/v2\/types\/page"}],"author":[{"embeddable":true,"href":"https:\/\/biologische-medizin-nicolaidis.de\/index.php?rest_route=\/wp\/v2\/users\/1"}],"replies":[{"embeddable":true,"href":"https:\/\/biologische-medizin-nicolaidis.de\/index.php?rest_route=%2Fwp%2Fv2%2Fcomments&post=48"}],"version-history":[{"count":30,"href":"https:\/\/biologische-medizin-nicolaidis.de\/index.php?rest_route=\/wp\/v2\/pages\/48\/revisions"}],"predecessor-version":[{"id":883,"href":"https:\/\/biologische-medizin-nicolaidis.de\/index.php?rest_route=\/wp\/v2\/pages\/48\/revisions\/883"}],"wp:attachment":[{"href":"https:\/\/biologische-medizin-nicolaidis.de\/index.php?rest_route=%2Fwp%2Fv2%2Fmedia&parent=48"}],"curies":[{"name":"wp","href":"https:\/\/api.w.org\/{rel}","templated":true}]}}