{"id":507,"date":"2019-02-06T07:26:07","date_gmt":"2019-02-06T06:26:07","guid":{"rendered":"http:\/\/biologische-medizin-nicolaidis.de\/?page_id=507"},"modified":"2023-07-15T11:32:10","modified_gmt":"2023-07-15T09:32:10","slug":"vitalstofftherapie-bei-altersabhaengiger-makuladegeneration-amd","status":"publish","type":"page","link":"https:\/\/biologische-medizin-nicolaidis.de\/?page_id=507","title":{"rendered":"Vitalstofftherapie bei Altersbedingter Makuladegeneration (AMD)"},"content":{"rendered":"<h3>Was ist AMD?<\/h3>\n<p>Die Makula ist die Stelle des sch\u00e4rfsten Sehens der auf der Netzhaut des Auges (Retina). Sie erm\u00f6glicht das Lesen oder Fixieren von Gegenst\u00e4nden oder Personen.<\/p>\n<p>Die altersbedingte Makuladegeneration (AMD) ist eine Erkrankung der Netzhaut, die zum Niedergang der Sehzellen in diesem Fixierpunkt (Makula) f\u00fchrt und damit zum fortschreitenden Verlust der Sehkraft. Das Sehen au\u00dferhalb des Fixierpunkts, also an den Gesichtsfeldr\u00e4ndern, bleibt erhalten.<\/p>\n<h3>Mikron\u00e4hrstoffe f\u00fcr das Sehen<\/h3>\n<p>Auch das Auge ben\u00f6tigt Mikron\u00e4hrstoffe f\u00fcr den Sehvorgang sowie zum Schutz der Netzhaut. Die Netzhaut wird \u00fcber kleine Gef\u00e4\u00dfe mit Sauerstoff, Vitaminen, Spurenelementen, Aminos\u00e4uren und anderen wichtigen Mikron\u00e4hrstoffen versorgt, deren Konzentration mit zunehmendem Lebensalter abnimmt.<\/p>\n<p>Beim Sehvorgang und im Stoffwechsel der Netzhaut entstehen sogenannte &#8222;freie Radikale&#8220;, die zu Entz\u00fcndungsprozessen f\u00fchren k\u00f6nnen. Die nat\u00fcrlichen Gegenspieler der freien Radikale sind Antioxidantien, die diese unsch\u00e4dlich machen k\u00f6nnen.<\/p>\n<p>Wissenschaftliche Untersuchungen weisen darauf hin, dass es einen Zusammenhang zwischen der Menge an Antioxidantien im Blut und dem AMD-Erkrankungsrisiko gibt (Quelle: Pro Retina e.V.). Das hei\u00dft, eine gute Versorgung des K\u00f6rpers mit Antioxidantien kann das Risiko senken, an einer AMD zu erkranken.<\/p>\n<p>Zu den wichtigen Antioxidantien f\u00fcr die Netzhaut z\u00e4hlen die Karotinoide Lutein, Zeaxanthin und \u00df-Karotin. Grunds\u00e4tzlich ben\u00f6tigt die Netzhaut ausreichend Vitamin A, Vitamin C und Vitamin E. Spurenelemente wie Selen und Zink, unterst\u00fctzen dar\u00fcber hinaus die k\u00f6rpereigenen antioxidativen Schutzsysteme und das Immunsystem.<\/p>\n<p>Mit zunehmendem Alter wird das antioxidative Potential des K\u00f6rpers ersch\u00f6pft. Daher ist es sinnvoll, bei einer Netzhauterkrankung, wie der AMD, eine ausreichende Versorgung der Netzhaut mit Vitaminen, Mineralien und Spurenelementen sicherzustellen.<\/p>\n<h3>Wissenschaftliche Studie<\/h3>\n<p>Eine gro\u00df angelegte Studie (AREDS) 2001 mit einem Beobachtungszeitraum von 10 Jahren erbrachte bereits damals, dass eine standardisierte Nahrungserg\u00e4nzung von t\u00e4glich 500 mg Vitamin C, 400 IE Vitamin E, 15 mg Beta-Carotin, 80 mg Zink und 2 mg Kupfer das Risiko eines weiteren Voranschreitens einer bereits bestehenden Makuladegeneration um 25% vermindert.<\/p>\n<p>Eine solche Dosierung an Mikron\u00e4hrstoffen kann nicht allein \u00fcber die Ern\u00e4hrung erzielt werden. Auch variiert der tats\u00e4chliche Bedarf an Mikron\u00e4hrstoffen von Mensch zu Mensch.<\/p>\n<h3>Vitalstofftherapie<\/h3>\n<p>Um Ihnen und Ihrer Netzhaut eine auf Sie pers\u00f6nlich abgestimmte, bestm\u00f6gliche Versorgung an Mikron\u00e4hrstoffen bieten zu k\u00f6nnen:<\/p>\n<ul>\n<li>Ein Bluttest auf Vitamine, Spurenelemente und die antioxidative Kapazit\u00e4t Ihres K\u00f6rpers gibt Aufschlu\u00df dar\u00fcber, ob Ihr K\u00f6rper ausreichend mit den richtigen Mikron\u00e4hrstoffen versorgt ist, bzw. welche Mikron\u00e4hrstoffe Ihnen fehlen k\u00f6nnten.<\/li>\n<li>Durch eine individuell abgestimmte, gezielte Gabe von Mikron\u00e4hrstoffen kann sichergestellt werden, da\u00df Ihre Netzhaut mit den f\u00fcr Sie wichtigen Vitaminen, Mineralien, Spurenelementen und Aminos\u00e4uren versorgt ist und ein optimaler Status quo erreicht wird.<\/li>\n<li>Um die antioxidative Leistung Ihres K\u00f6rpers zu erh\u00f6hen, freie Radikale abzubauen und die Durchblutung der Netzhautgef\u00e4\u00dfe zu verbessern, zus\u00e4tzlich eine Serie von Vitamin C-Hochdosisinfusionen (mehrfach 7,5 &#8211; 15 g Vitamin C). Vitamin C wirkt antioxidativ, antientz\u00fcndlich und f\u00f6rdert den Kollagenaufbau, u.a. auch der Gef\u00e4\u00dfe.<\/li>\n<li>Der zus\u00e4tzliche Einsatz von Organopr\u00e4paraten (VitOrgan) und Aminos\u00e4uren kann ggf. zu einer Erholung der Netzhaut, des Sehnerven und des Auges beitragen.<\/li>\n<li>Eine Behandlung Ihrer Halswirbels\u00e4ule mittels Ozontherapie sorgt f\u00fcr eine bessere Durchblutung des Gehirns und der Netzhaut.<\/li>\n<\/ul>\n<h3><strong>Angebote<\/strong><\/h3>\n\n<table id=\"tablepress-4\" class=\"tablepress tablepress-id-4\">\n<tbody class=\"row-striping\">\n<tr class=\"row-1\">\n\t<td class=\"column-1\">Gro\u00dfes Blutbild mit Mikron\u00e4hrstoffanalyse aus dem Vollblut (Vitamin B6, Vitamin B12, Vitamin D3, Calcium, Eisen, Fols\u00e4ure, Ferritin, Magnesium, Mangan, Molybd\u00e4n, Kalium, Kupfer, Selen, Zink, Koenzym Q10; antioxidative Kapazit\u00e4t; Lipidperoxidation)<br \/>\nInterpretation; ausf\u00fchrliche Beratung und orthomolekulare Empfehlung<\/td><td class=\"column-2\">330 \u20ac<\/td>\n<\/tr>\n<tr class=\"row-2\">\n\t<td class=\"column-1\">Bluttest auf Vitamin A und E<\/td><td class=\"column-2\">50 \u20ac<\/td>\n<\/tr>\n<tr class=\"row-3\">\n\t<td class=\"column-1\">Vitamin C-Infusion (7,5 g\/100 ml) \u00a0 \u00a0<\/td><td class=\"column-2\">85 \u20ac<\/td>\n<\/tr>\n<tr class=\"row-4\">\n\t<td class=\"column-1\">Vitamin C-Infusion (15 g\/250 ml) \u00a0 \u00a0<\/td><td class=\"column-2\">100 \u20ac<\/td>\n<\/tr>\n<tr class=\"row-5\">\n\t<td class=\"column-1\">Beratung (Honorar pro Stunde)<\/td><td class=\"column-2\">80 \u20ac<\/td>\n<\/tr>\n<\/tbody>\n<\/table>\n<!-- #tablepress-4 from cache -->\n<p>* Die Vitamin C-Infusionen k\u00f6nnen um weitere Mikron\u00e4hrstoffe erg\u00e4nzt werden.<\/p>\n<h3><\/h3>\n<h3>Weiterf\u00fchrende Informationen<\/h3>\n<p>Ausf\u00fchrliche und detaillierte Infos zur AMD sowie zur wissenschaftlichen Studienlage finden Sie auf den Seiten der Pro Retina e.V.:<\/p>\n<p><a href=\"https:\/\/www.pro-retina.de\/netzhauterkrankungen\/makula-degeneration\/altersabhaengige-makuladegeneration\">https:\/\/www.pro-retina.de\/netzhauterkrankungen\/makula-degeneration\/altersabhaengige-makuladegeneration<\/a><\/p>\n<p>Die Pro Retina e.V. informiert auch zur Ern\u00e4hrung und Mikron\u00e4hrstoffen bei AMD:<\/p>\n<p><a href=\"https:\/\/www.pro-retina.de\/forschungsfoerderung\/wissenschaftliche-beratungsgremien\/empfehlungen\/amd-und-ernaehrung\">https:\/\/www.pro-retina.de\/forschungsfoerderung\/wissenschaftliche-beratungsgremien\/empfehlungen\/amd-und-ernaehrung<\/a><\/p>\n","protected":false},"excerpt":{"rendered":"<p>Was ist AMD? Die Makula ist die Stelle des sch\u00e4rfsten Sehens der auf der Netzhaut des Auges (Retina). Sie erm\u00f6glicht das Lesen oder Fixieren von Gegenst\u00e4nden oder Personen. Die altersbedingte Makuladegeneration (AMD) ist eine Erkrankung der Netzhaut, die zum Niedergang der Sehzellen in diesem Fixierpunkt (Makula) f\u00fchrt und damit zum fortschreitenden Verlust der Sehkraft. Das &hellip; <a href=\"https:\/\/biologische-medizin-nicolaidis.de\/?page_id=507\" class=\"more-link\"><span class=\"screen-reader-text\">Vitalstofftherapie bei Altersbedingter Makuladegeneration (AMD)<\/span> weiterlesen <span class=\"meta-nav\">&rarr;<\/span><\/a><\/p>\n","protected":false},"author":1,"featured_media":0,"parent":0,"menu_order":0,"comment_status":"closed","ping_status":"closed","template":"","meta":{"footnotes":""},"class_list":["post-507","page","type-page","status-publish","hentry"],"_links":{"self":[{"href":"https:\/\/biologische-medizin-nicolaidis.de\/index.php?rest_route=\/wp\/v2\/pages\/507","targetHints":{"allow":["GET"]}}],"collection":[{"href":"https:\/\/biologische-medizin-nicolaidis.de\/index.php?rest_route=\/wp\/v2\/pages"}],"about":[{"href":"https:\/\/biologische-medizin-nicolaidis.de\/index.php?rest_route=\/wp\/v2\/types\/page"}],"author":[{"embeddable":true,"href":"https:\/\/biologische-medizin-nicolaidis.de\/index.php?rest_route=\/wp\/v2\/users\/1"}],"replies":[{"embeddable":true,"href":"https:\/\/biologische-medizin-nicolaidis.de\/index.php?rest_route=%2Fwp%2Fv2%2Fcomments&post=507"}],"version-history":[{"count":19,"href":"https:\/\/biologische-medizin-nicolaidis.de\/index.php?rest_route=\/wp\/v2\/pages\/507\/revisions"}],"predecessor-version":[{"id":855,"href":"https:\/\/biologische-medizin-nicolaidis.de\/index.php?rest_route=\/wp\/v2\/pages\/507\/revisions\/855"}],"wp:attachment":[{"href":"https:\/\/biologische-medizin-nicolaidis.de\/index.php?rest_route=%2Fwp%2Fv2%2Fmedia&parent=507"}],"curies":[{"name":"wp","href":"https:\/\/api.w.org\/{rel}","templated":true}]}}