{"id":78,"date":"2015-09-20T08:42:52","date_gmt":"2015-09-20T06:42:52","guid":{"rendered":"http:\/\/biologische-medizin-nicolaidis.de\/?page_id=78"},"modified":"2023-07-15T11:24:45","modified_gmt":"2023-07-15T09:24:45","slug":"bioresonanz","status":"publish","type":"page","link":"https:\/\/biologische-medizin-nicolaidis.de\/?page_id=78","title":{"rendered":"Bioresonanz"},"content":{"rendered":"<p>Unser K\u00f6rper besteht aus Billionen von Einzelzellen, und diese aus Molek\u00fclen und damit letztendlich aus Atomen. Das Zusammenspiel unserer K\u00f6rperzellen ben\u00f6tigt Energie, verbraucht aber auch gleichzeitig Energie.\u00a0 Alle k\u00f6rperlichen Prozesse erzeugen wiederum Energie, z.B. in Form von W\u00e4rme oder elektrischen Str\u00f6men, was z.B. als EKG, EEG, EMG, Magnetresonanzfelder etc. gemessen werden kann.<\/p>\n<p>Wir sind also nicht nur Materie, sondern auch Energie.<\/p>\n<p>Folglich gibt es \u00fcber das hinaus, was wir ganz offensichtlich sehen, f\u00fchlen und sp\u00fcren k\u00f6nnen, auch eine energetische Ebene unseres K\u00f6rpers und seiner Organfunktionen. Auf diese kann \u00fcber bioenergetische Verfahren Einflu\u00df genommen werden.<\/p>\n<p>Bioresonanzger\u00e4te k\u00f6nnen die individuellen Energiemuster eines jeden K\u00f6rpers erkennen und feststellen, wo der Energieflu\u00df im K\u00f6rper ins Stocken oder aus dem Lot geraten ist.<\/p>\n<p>Die Bioresonanztherapie erlaubt es dabei, die aus dem Gleichgewicht geratenen Energiefl\u00fcsse individuell auszugleichen, physische und psychische Blockaden zu l\u00f6sen und so den Selbstheilungsprozess einzuleiten und zu unterst\u00fctzen. Die Einsatzm\u00f6glichkeiten der Bioresonanztherapie sind daher sehr breit gef\u00e4chert und nicht allein auf k\u00f6rperliche Beschwerden beschr\u00e4nkt.<\/p>\n<p>In meiner Praxis kommt das Kybertron Delta zum Einsatz. Es handelt sich um ein nichtinvasives, schonendes Verfahren, das auf der Basis elektromagnetischer Impulse arbeitet.<\/p>\n","protected":false},"excerpt":{"rendered":"<p>Unser K\u00f6rper besteht aus Billionen von Einzelzellen, und diese aus Molek\u00fclen und damit letztendlich aus Atomen. Das Zusammenspiel unserer K\u00f6rperzellen ben\u00f6tigt Energie, verbraucht aber auch gleichzeitig Energie.\u00a0 Alle k\u00f6rperlichen Prozesse erzeugen wiederum Energie, z.B. in Form von W\u00e4rme oder elektrischen Str\u00f6men, was z.B. als EKG, EEG, EMG, Magnetresonanzfelder etc. gemessen werden kann. Wir sind also &hellip; <a href=\"https:\/\/biologische-medizin-nicolaidis.de\/?page_id=78\" class=\"more-link\"><span class=\"screen-reader-text\">Bioresonanz<\/span> weiterlesen <span class=\"meta-nav\">&rarr;<\/span><\/a><\/p>\n","protected":false},"author":1,"featured_media":0,"parent":0,"menu_order":0,"comment_status":"closed","ping_status":"closed","template":"","meta":{"footnotes":""},"class_list":["post-78","page","type-page","status-publish","hentry"],"_links":{"self":[{"href":"https:\/\/biologische-medizin-nicolaidis.de\/index.php?rest_route=\/wp\/v2\/pages\/78","targetHints":{"allow":["GET"]}}],"collection":[{"href":"https:\/\/biologische-medizin-nicolaidis.de\/index.php?rest_route=\/wp\/v2\/pages"}],"about":[{"href":"https:\/\/biologische-medizin-nicolaidis.de\/index.php?rest_route=\/wp\/v2\/types\/page"}],"author":[{"embeddable":true,"href":"https:\/\/biologische-medizin-nicolaidis.de\/index.php?rest_route=\/wp\/v2\/users\/1"}],"replies":[{"embeddable":true,"href":"https:\/\/biologische-medizin-nicolaidis.de\/index.php?rest_route=%2Fwp%2Fv2%2Fcomments&post=78"}],"version-history":[{"count":19,"href":"https:\/\/biologische-medizin-nicolaidis.de\/index.php?rest_route=\/wp\/v2\/pages\/78\/revisions"}],"predecessor-version":[{"id":853,"href":"https:\/\/biologische-medizin-nicolaidis.de\/index.php?rest_route=\/wp\/v2\/pages\/78\/revisions\/853"}],"wp:attachment":[{"href":"https:\/\/biologische-medizin-nicolaidis.de\/index.php?rest_route=%2Fwp%2Fv2%2Fmedia&parent=78"}],"curies":[{"name":"wp","href":"https:\/\/api.w.org\/{rel}","templated":true}]}}